{"id":282,"date":"2025-05-30T18:59:13","date_gmt":"2025-05-30T16:59:13","guid":{"rendered":"http:\/\/www.les-sages-femmes.fr\/ws\/?page_id=282"},"modified":"2025-06-03T23:14:12","modified_gmt":"2025-06-03T21:14:12","slug":"lequipe","status":"publish","type":"page","link":"https:\/\/www.les-sages-femmes.fr\/ws\/lequipe\/","title":{"rendered":"L&#8217;\u00e9quipe"},"content":{"rendered":"\n<p>Nous sommes 3 sages-femmes. <a href=\"https:\/\/www.les-sages-femmes.fr\/ws\/marie-agnes-torcq\/\" data-type=\"page\" data-id=\"292\">Marie-Agn\u00e8s<\/a> a cr\u00e9\u00e9 le cabinet en 2016, rejointe en 2024 par <a href=\"https:\/\/www.les-sages-femmes.fr\/ws\/albane-notebaert\/\" data-type=\"page\" data-id=\"287\">Albane<\/a> et en 2025 par <a href=\"https:\/\/www.les-sages-femmes.fr\/ws\/alize-batique\/\" data-type=\"page\" data-id=\"290\">Aliz\u00e9e<\/a>.<\/p>\n\n\n\n<p>Albane a un double dipl\u00f4me de sage-femme et d&#8217;ost\u00e9opathe et a une pr\u00e9f\u00e9rence pour les consultations gyn\u00e9cologiques et les consultations de contraception.<\/p>\n\n\n\n<p>Aliz\u00e9e est une jeune dipl\u00f4m\u00e9e qui affectionne le suivi gyn\u00e9cologique &amp; contraceptif et l&#8217;\u00e9ducation p\u00e9rin\u00e9ale<\/p>\n\n\n\n<p>Marie-Agn\u00e8s est  sp\u00e9cialis\u00e9e en fertilit\u00e9 naturelle ( r\u00e9gulation des naissances et aide \u00e0 la conception naturelle) , fait les suivis gyn\u00e9cologiques sans prescription de contraception, et appr\u00e9cie particuli\u00e8rement les suivis des femmes enceintes et jeunes accouch\u00e9es.<\/p>\n\n\n\n<p><\/p>\n","protected":false},"excerpt":{"rendered":"<p>Nous sommes 3 sages-femmes. Marie-Agn\u00e8s a cr\u00e9\u00e9 le cabinet en 2016, rejointe en 2024 par Albane et en 2025 par Aliz\u00e9e. Albane a un double dipl\u00f4me de sage-femme et d&#8217;ost\u00e9opathe et a une pr\u00e9f\u00e9rence pour les consultations gyn\u00e9cologiques et les consultations de contraception. Aliz\u00e9e est une jeune dipl\u00f4m\u00e9e qui affectionne le suivi gyn\u00e9cologique &amp; contraceptif [&hellip;]<\/p>\n","protected":false},"author":1,"featured_media":0,"parent":0,"menu_order":0,"comment_status":"closed","ping_status":"closed","template":"","meta":[],"_links":{"self":[{"href":"https:\/\/www.les-sages-femmes.fr\/ws\/wp-json\/wp\/v2\/pages\/282"}],"collection":[{"href":"https:\/\/www.les-sages-femmes.fr\/ws\/wp-json\/wp\/v2\/pages"}],"about":[{"href":"https:\/\/www.les-sages-femmes.fr\/ws\/wp-json\/wp\/v2\/types\/page"}],"author":[{"embeddable":true,"href":"https:\/\/www.les-sages-femmes.fr\/ws\/wp-json\/wp\/v2\/users\/1"}],"replies":[{"embeddable":true,"href":"https:\/\/www.les-sages-femmes.fr\/ws\/wp-json\/wp\/v2\/comments?post=282"}],"version-history":[{"count":7,"href":"https:\/\/www.les-sages-femmes.fr\/ws\/wp-json\/wp\/v2\/pages\/282\/revisions"}],"predecessor-version":[{"id":316,"href":"https:\/\/www.les-sages-femmes.fr\/ws\/wp-json\/wp\/v2\/pages\/282\/revisions\/316"}],"wp:attachment":[{"href":"https:\/\/www.les-sages-femmes.fr\/ws\/wp-json\/wp\/v2\/media?parent=282"}],"curies":[{"name":"wp","href":"https:\/\/api.w.org\/{rel}","templated":true}]}}