{"id":290,"date":"2025-06-02T22:02:01","date_gmt":"2025-06-02T20:02:01","guid":{"rendered":"http:\/\/www.les-sages-femmes.fr\/ws\/?page_id=290"},"modified":"2025-06-04T21:36:21","modified_gmt":"2025-06-04T19:36:21","slug":"alize-batique","status":"publish","type":"page","link":"https:\/\/www.les-sages-femmes.fr\/ws\/alize-batique\/","title":{"rendered":"Aliz\u00e9e Batique"},"content":{"rendered":"\n<p><\/p>\n\n\n\n<figure class=\"wp-block-image size-large is-resized is-style-rounded\"><img loading=\"lazy\" src=\"https:\/\/www.les-sages-femmes.fr\/ws\/wp-content\/uploads\/2025\/06\/20250530_120316-819x1024.jpg\" alt=\"\" class=\"wp-image-320\" width=\"189\" height=\"236\" srcset=\"https:\/\/www.les-sages-femmes.fr\/ws\/wp-content\/uploads\/2025\/06\/20250530_120316-819x1024.jpg 819w, https:\/\/www.les-sages-femmes.fr\/ws\/wp-content\/uploads\/2025\/06\/20250530_120316-240x300.jpg 240w, https:\/\/www.les-sages-femmes.fr\/ws\/wp-content\/uploads\/2025\/06\/20250530_120316-768x961.jpg 768w, https:\/\/www.les-sages-femmes.fr\/ws\/wp-content\/uploads\/2025\/06\/20250530_120316-1228x1536.jpg 1228w, https:\/\/www.les-sages-femmes.fr\/ws\/wp-content\/uploads\/2025\/06\/20250530_120316-1637x2048.jpg 1637w, https:\/\/www.les-sages-femmes.fr\/ws\/wp-content\/uploads\/2025\/06\/20250530_120316-scaled.jpg 2047w\" sizes=\"(max-width: 189px) 100vw, 189px\" \/><\/figure>\n\n\n\n<p>Diplom\u00e9e en 2023 \u00e0 l&#8217;universit\u00e9 de N\u00eemes, j&#8217;ai d&#8217;abord travaill\u00e9 au CH de B\u00e9ziers pendant 1 an avant de tr\u00e8s vite me diriger vers le lib\u00e9ral.&nbsp;<\/p>\n\n\n\n<p>J&#8217;ai toujours eu cette envie de pouvoir d\u00e9velopper une relation de confiance avec les femmes et de les accompagner tout au long de leur vie et leurs diff\u00e9rentes \u00e9tapes. <\/p>\n\n\n\n<p>J&#8217;ai d\u00e9j\u00e0 eu l&#8217;occasion de faire plusieurs formations, notamment sur la physio-pathologie de la fertilit\u00e9 et de l&#8217;observation du cycle, la dermatologie vulvaire et l&#8217;examen clinique du nouveau-n\u00e9<\/p>\n","protected":false},"excerpt":{"rendered":"<p>Diplom\u00e9e en 2023 \u00e0 l&#8217;universit\u00e9 de N\u00eemes, j&#8217;ai d&#8217;abord travaill\u00e9 au CH de B\u00e9ziers pendant 1 an avant de tr\u00e8s vite me diriger vers le lib\u00e9ral.&nbsp; J&#8217;ai toujours eu cette envie de pouvoir d\u00e9velopper une relation de confiance avec les femmes et de les accompagner tout au long de leur vie et leurs diff\u00e9rentes \u00e9tapes. [&hellip;]<\/p>\n","protected":false},"author":1,"featured_media":0,"parent":0,"menu_order":0,"comment_status":"closed","ping_status":"closed","template":"","meta":[],"_links":{"self":[{"href":"https:\/\/www.les-sages-femmes.fr\/ws\/wp-json\/wp\/v2\/pages\/290"}],"collection":[{"href":"https:\/\/www.les-sages-femmes.fr\/ws\/wp-json\/wp\/v2\/pages"}],"about":[{"href":"https:\/\/www.les-sages-femmes.fr\/ws\/wp-json\/wp\/v2\/types\/page"}],"author":[{"embeddable":true,"href":"https:\/\/www.les-sages-femmes.fr\/ws\/wp-json\/wp\/v2\/users\/1"}],"replies":[{"embeddable":true,"href":"https:\/\/www.les-sages-femmes.fr\/ws\/wp-json\/wp\/v2\/comments?post=290"}],"version-history":[{"count":7,"href":"https:\/\/www.les-sages-femmes.fr\/ws\/wp-json\/wp\/v2\/pages\/290\/revisions"}],"predecessor-version":[{"id":330,"href":"https:\/\/www.les-sages-femmes.fr\/ws\/wp-json\/wp\/v2\/pages\/290\/revisions\/330"}],"wp:attachment":[{"href":"https:\/\/www.les-sages-femmes.fr\/ws\/wp-json\/wp\/v2\/media?parent=290"}],"curies":[{"name":"wp","href":"https:\/\/api.w.org\/{rel}","templated":true}]}}