{"id":30,"date":"2020-03-22T09:45:17","date_gmt":"2020-03-22T08:45:17","guid":{"rendered":"http:\/\/www.les-sages-femmes.fr\/ws\/?page_id=30"},"modified":"2020-03-29T11:34:44","modified_gmt":"2020-03-29T09:34:44","slug":"pendant-la-grossesse","status":"publish","type":"page","link":"https:\/\/www.les-sages-femmes.fr\/ws\/pendant-la-grossesse\/","title":{"rendered":"Pendant la grossesse"},"content":{"rendered":"\n<p>Je peux vous accompagner d\u00e8s les d\u00e9buts, pour assurer le suivi m\u00e9dical de votre grossesse. Je r\u00e9alise la d\u00e9claration de grossesse et prescris tous les examens n\u00e9cessaires pour son bon d\u00e9roulement. En revanche, je n\u2019effectue pas d\u2019\u00e9chographie.&nbsp;<\/p>\n\n\n\n<p>En cas de pathologie, je vous r\u00e9orienterai naturellement vers un Gyn\u00e9cologue-Obst\u00e9tricien ou tout autre sp\u00e9cialiste dont vous auriez besoin.&nbsp;<br><\/p>\n\n\n\n<p>Sur prescription d\u2019un m\u00e9decin, je peux r\u00e9aliser \u00e0 votre domicile ou au cabinet les enregistrements cardiaques de votre b\u00e9b\u00e9. S\u2019ils ne sont pas sup\u00e9rieurs au nombre de deux, je peux r\u00e9aliser cet examen sans prescription.<br><\/p>\n\n\n\n<p>Nous pouvons \u00e9galement nous rencontrer dans le cadre d\u2019un Bilan Pr\u00e9natal de Pr\u00e9vention, ou au cours de l\u2019Entretien Pr\u00e9coce Pr\u00e9natal. A l\u2019issue de cet entretien, si vous le souhaitez nous pourrons ensemble construire un programme de Pr\u00e9paration \u00e0 la Naissance selon vos besoins. Votre conjoint pourra se joindre \u00e0 tout ou partie de ces s\u00e9ances. Selon votre souhait, les s\u00e9ances de vivront en petit groupe de 3 mamans ( ou 3 couples maximum) ou en individuel. Un programme adapt\u00e9 \u00e0 vos besoins, permet aux jeunes futures mamans de partir avec toutes les informations n\u00e9cessaires pour la maternit\u00e9 Pour celles&nbsp; qui ont d\u00e9ja v\u00e9cu une ou plusieurs naissances, ce sera l\u2019occasion pour vous de d\u00e9couvrir des versants inconnus de votre maternit\u00e9, ou de prendre un temps privil\u00e9gi\u00e9 avec votre b\u00e9b\u00e9 lorsqu\u2019on a du mal \u00e0 se poser.<br><\/p>\n\n\n\n<p>Lors de l\u2019attente de votre enfant, vous vivrez peut-\u00eatre quelques d\u00e9sagr\u00e9ments&nbsp; qui rende la grossesse inconfortable. L\u2019hom\u00e9opathie est une r\u00e9ponse \u00e0 ces petits soucis, et je m\u2019efforcerai de trouver le m\u00e9dicament hom\u00e9opathique qui vous convient le mieux afin de vous soulager.&nbsp;<br><\/p>\n\n\n\n<figure class=\"wp-block-embed-wordpress wp-block-embed is-type-wp-embed is-provider-la-fabrique-des-mamans\"><div class=\"wp-block-embed__wrapper\">\n<blockquote class=\"wp-embedded-content\" data-secret=\"1NvbINUmPl\"><a href=\"https:\/\/www.lafabriquedesmamans.com\/la-fabrique\/le-concept\/\">le concept<\/a><\/blockquote><iframe title=\"\u00ab\u00a0le concept\u00a0\u00bb &#8212; La fabrique des mamans\" class=\"wp-embedded-content\" sandbox=\"allow-scripts\" security=\"restricted\" style=\"position: absolute; clip: rect(1px, 1px, 1px, 1px);\" src=\"https:\/\/www.lafabriquedesmamans.com\/la-fabrique\/le-concept\/embed\/#?secret=1NvbINUmPl\" data-secret=\"1NvbINUmPl\" width=\"600\" height=\"338\" frameborder=\"0\" marginwidth=\"0\" marginheight=\"0\" scrolling=\"no\"><\/iframe>\n<\/div><\/figure>\n\n\n\n<p><a href=\"https:\/\/www.mamanpourlavie.com\/grossesse-maternite\">https:\/\/www.mamanpourlavie.com\/grossesse-maternite<\/a><\/p>\n\n\n\n<p><a href=\"https:\/\/maudlevequesf.wixsite.com\/limoges\/mon-approche\">https:\/\/maudlevequesf.wixsite.com\/limoges\/mon-approche<\/a><\/p>\n","protected":false},"excerpt":{"rendered":"<p>Je peux vous accompagner d\u00e8s les d\u00e9buts, pour assurer le suivi m\u00e9dical de votre grossesse. Je r\u00e9alise la d\u00e9claration de grossesse et prescris tous les examens n\u00e9cessaires pour son bon d\u00e9roulement. En revanche, je n\u2019effectue pas d\u2019\u00e9chographie.&nbsp; En cas de pathologie, je vous r\u00e9orienterai naturellement vers un Gyn\u00e9cologue-Obst\u00e9tricien ou tout autre sp\u00e9cialiste dont vous auriez [&hellip;]<\/p>\n","protected":false},"author":1,"featured_media":0,"parent":0,"menu_order":0,"comment_status":"closed","ping_status":"closed","template":"","meta":[],"_links":{"self":[{"href":"https:\/\/www.les-sages-femmes.fr\/ws\/wp-json\/wp\/v2\/pages\/30"}],"collection":[{"href":"https:\/\/www.les-sages-femmes.fr\/ws\/wp-json\/wp\/v2\/pages"}],"about":[{"href":"https:\/\/www.les-sages-femmes.fr\/ws\/wp-json\/wp\/v2\/types\/page"}],"author":[{"embeddable":true,"href":"https:\/\/www.les-sages-femmes.fr\/ws\/wp-json\/wp\/v2\/users\/1"}],"replies":[{"embeddable":true,"href":"https:\/\/www.les-sages-femmes.fr\/ws\/wp-json\/wp\/v2\/comments?post=30"}],"version-history":[{"count":5,"href":"https:\/\/www.les-sages-femmes.fr\/ws\/wp-json\/wp\/v2\/pages\/30\/revisions"}],"predecessor-version":[{"id":100,"href":"https:\/\/www.les-sages-femmes.fr\/ws\/wp-json\/wp\/v2\/pages\/30\/revisions\/100"}],"wp:attachment":[{"href":"https:\/\/www.les-sages-femmes.fr\/ws\/wp-json\/wp\/v2\/media?parent=30"}],"curies":[{"name":"wp","href":"https:\/\/api.w.org\/{rel}","templated":true}]}}