{"id":49,"date":"2020-03-22T19:30:43","date_gmt":"2020-03-22T18:30:43","guid":{"rendered":"http:\/\/www.les-sages-femmes.fr\/ws\/?page_id=49"},"modified":"2021-01-14T22:42:24","modified_gmt":"2021-01-14T21:42:24","slug":"les-horaires","status":"publish","type":"page","link":"https:\/\/www.les-sages-femmes.fr\/ws\/les-horaires\/","title":{"rendered":"Les Horaires"},"content":{"rendered":"\n<p>J&#8217;exerce \u00e0 la fois au cabinet et en visites \u00e0 domicile sur indications m\u00e9dicales (grossesse pathologique ou post-accouchement r\u00e9cent). <\/p>\n\n\n\n<p>Les horaires de Rendez-vous sont : <\/p>\n\n\n\n<p>Lundi Mardi Jeudi Vendredi  de 8h30 \u00e0 19h. Le mercredi de 8h30 \u00e0 12H.<\/p>\n\n\n\n<p>Sur demande, pour les besoins sp\u00e9cifiques de pr\u00e9paration \u00e0 la naissance en couple, et pour le suivi des m\u00e9thodes naturelles de r\u00e9gulation des naissances, je peux proposer un cr\u00e9neau en soir\u00e9e le mercredi essentiellement.<\/p>\n\n\n\n<p>Les samedi et dimanche matins, je r\u00e9alise les visites \u00e0 domicile pour les patientes qui viennent d&#8217;accoucher. Merci de me contacter directement : 06 02 08 14 57<\/p>\n\n\n\n<p>Les t\u00e9l\u00e9consultations sont toujours possibles, et \u00e0 privil\u00e9gier dans la mesure du possible.  Merci de me signaler votre souhait, lors de la prise de contact par t\u00e9l\u00e9phone.<\/p>\n\n\n\n<p><\/p>\n\n\n\n<p><\/p>\n","protected":false},"excerpt":{"rendered":"<p>J&#8217;exerce \u00e0 la fois au cabinet et en visites \u00e0 domicile sur indications m\u00e9dicales (grossesse pathologique ou post-accouchement r\u00e9cent). Les horaires de Rendez-vous sont : Lundi Mardi Jeudi Vendredi de 8h30 \u00e0 19h. Le mercredi de 8h30 \u00e0 12H. Sur demande, pour les besoins sp\u00e9cifiques de pr\u00e9paration \u00e0 la naissance en couple, et pour le [&hellip;]<\/p>\n","protected":false},"author":1,"featured_media":0,"parent":0,"menu_order":0,"comment_status":"closed","ping_status":"closed","template":"","meta":[],"_links":{"self":[{"href":"https:\/\/www.les-sages-femmes.fr\/ws\/wp-json\/wp\/v2\/pages\/49"}],"collection":[{"href":"https:\/\/www.les-sages-femmes.fr\/ws\/wp-json\/wp\/v2\/pages"}],"about":[{"href":"https:\/\/www.les-sages-femmes.fr\/ws\/wp-json\/wp\/v2\/types\/page"}],"author":[{"embeddable":true,"href":"https:\/\/www.les-sages-femmes.fr\/ws\/wp-json\/wp\/v2\/users\/1"}],"replies":[{"embeddable":true,"href":"https:\/\/www.les-sages-femmes.fr\/ws\/wp-json\/wp\/v2\/comments?post=49"}],"version-history":[{"count":9,"href":"https:\/\/www.les-sages-femmes.fr\/ws\/wp-json\/wp\/v2\/pages\/49\/revisions"}],"predecessor-version":[{"id":240,"href":"https:\/\/www.les-sages-femmes.fr\/ws\/wp-json\/wp\/v2\/pages\/49\/revisions\/240"}],"wp:attachment":[{"href":"https:\/\/www.les-sages-femmes.fr\/ws\/wp-json\/wp\/v2\/media?parent=49"}],"curies":[{"name":"wp","href":"https:\/\/api.w.org\/{rel}","templated":true}]}}