{"id":51,"date":"2020-03-22T19:30:59","date_gmt":"2020-03-22T18:30:59","guid":{"rendered":"http:\/\/www.les-sages-femmes.fr\/ws\/?page_id=51"},"modified":"2025-06-02T22:34:09","modified_gmt":"2025-06-02T20:34:09","slug":"les-tarifs","status":"publish","type":"page","link":"https:\/\/www.les-sages-femmes.fr\/ws\/les-tarifs\/","title":{"rendered":"Les Tarifs"},"content":{"rendered":"\n<p class=\"has-pale-pink-color has-text-color has-normal-font-size\">Nous sommes conventionn\u00e9es, secteur 1, c\u2019est \u00e0 dire que nous pratiquons les tarifs de la S\u00e9curit\u00e9 Sociale.<\/p>\n\n\n\n<p class=\"has-black-color has-text-color\">Dans le cadre du 100% Maternit\u00e9 ( \u00e0 partir du 1\u00b0 jour de la 24\u00b0 semaine d\u2019am\u00e9norrh\u00e9e (d\u00e9but du sixi\u00e8me mois), et jusqu\u2019au 12\u00b0 jour apr\u00e8s l\u2019accouchement)&nbsp; et pour les patientes en couverture ACS, nous pratiquons le Tiers Payant, c\u2019est \u00e0 dire qu\u2019avec votre carte vitale, vous n\u2019avez pas \u00e0 faire l\u2019avance de frais.&nbsp;<\/p>\n\n\n\n<p class=\"has-black-color has-text-color\">En revanche si vous n\u2019\u00eates pas dans cette situation, nous vous demanderons de bien vouloir r\u00e9gler la consultation par carte bancaire (ou esp\u00e8ces). Sous quelques jours, vous serez rembours\u00e9e \u00e0 hauteur de 70% par votre s\u00e9curit\u00e9 sociale, et 30 % par votre mutuelle le cas \u00e9ch\u00e9ant.<\/p>\n\n\n\n<p class=\"has-black-color has-text-color\"> <\/p>\n\n\n\n<p class=\"has-pale-pink-color has-text-color has-normal-font-size\">Pour les consultations de M\u00e9thode d&#8217;Observation des Cycles :<\/p>\n\n\n\n<p class=\"has-black-color has-text-color has-normal-font-size\">Ces consultations sont nettement plus longues. Nous pratiquons donc un surcout appel\u00e9 Acte Hors Nomenclature (semblable au d\u00e9passement d&#8217;honoraires).<\/p>\n\n\n\n<p class=\"has-black-color has-text-color\">Pour les rendez-vous, en plus du tarif conventionn\u00e9 de 26,50 euros dont vous \u00eates rembours\u00e9e par la s\u00e9curit\u00e9 sociale et votre mutuelle,  nous  demandons 30 euros d&#8217;Actes Hors Nomenclature.<\/p>\n\n\n\n<p class=\"has-black-color has-text-color\">Nous fournissons  \u00e0 votre demande, une facture qui, sur pr\u00e9sentation \u00e0 votre mutuelle, peut b\u00e9n\u00e9ficier d&#8217;une prise en charge.<br><\/p>\n\n\n\n<p><\/p>\n","protected":false},"excerpt":{"rendered":"<p>Nous sommes conventionn\u00e9es, secteur 1, c\u2019est \u00e0 dire que nous pratiquons les tarifs de la S\u00e9curit\u00e9 Sociale. Dans le cadre du 100% Maternit\u00e9 ( \u00e0 partir du 1\u00b0 jour de la 24\u00b0 semaine d\u2019am\u00e9norrh\u00e9e (d\u00e9but du sixi\u00e8me mois), et jusqu\u2019au 12\u00b0 jour apr\u00e8s l\u2019accouchement)&nbsp; et pour les patientes en couverture ACS, nous pratiquons le Tiers [&hellip;]<\/p>\n","protected":false},"author":1,"featured_media":0,"parent":0,"menu_order":0,"comment_status":"closed","ping_status":"closed","template":"","meta":[],"_links":{"self":[{"href":"https:\/\/www.les-sages-femmes.fr\/ws\/wp-json\/wp\/v2\/pages\/51"}],"collection":[{"href":"https:\/\/www.les-sages-femmes.fr\/ws\/wp-json\/wp\/v2\/pages"}],"about":[{"href":"https:\/\/www.les-sages-femmes.fr\/ws\/wp-json\/wp\/v2\/types\/page"}],"author":[{"embeddable":true,"href":"https:\/\/www.les-sages-femmes.fr\/ws\/wp-json\/wp\/v2\/users\/1"}],"replies":[{"embeddable":true,"href":"https:\/\/www.les-sages-femmes.fr\/ws\/wp-json\/wp\/v2\/comments?post=51"}],"version-history":[{"count":11,"href":"https:\/\/www.les-sages-femmes.fr\/ws\/wp-json\/wp\/v2\/pages\/51\/revisions"}],"predecessor-version":[{"id":311,"href":"https:\/\/www.les-sages-femmes.fr\/ws\/wp-json\/wp\/v2\/pages\/51\/revisions\/311"}],"wp:attachment":[{"href":"https:\/\/www.les-sages-femmes.fr\/ws\/wp-json\/wp\/v2\/media?parent=51"}],"curies":[{"name":"wp","href":"https:\/\/api.w.org\/{rel}","templated":true}]}}